{"id":96,"date":"2024-09-19T11:57:38","date_gmt":"2024-09-19T11:57:38","guid":{"rendered":"https:\/\/pointout.si\/?page_id=96"},"modified":"2024-11-27T10:21:37","modified_gmt":"2024-11-27T09:21:37","slug":"piskotki","status":"publish","type":"page","link":"https:\/\/pointout.si\/en\/piskotki\/","title":{"rendered":"Cookie Policy"},"content":{"rendered":"<h1 class=\"wp-block-heading\" style=\"font-size:clamp(27.894px, 1.743rem + ((1vw - 3.2px) * 2.094), 48px);\">Cookie Policy<\/h1>\n\n\n\n<p>Effective from: 26. 11. 2024<\/p>\n\n\n\n<p>At POINT OUT d.o.o., we recognize the importance of transparency regarding the use of cookies and other tracking technologies on the pointout.si website (hereinafter referred to as the \"Website\"). This Cookie Policy explains the types of cookies we use, why we use them, how we store them, and how you can manage your cookie settings in accordance with applicable legislation, including Regulation (EU) 2016\/679 (GDPR).<\/p>\n\n\n\n<h2 class=\"wp-block-heading\" style=\"font-size:clamp(22.041px, 1.378rem + ((1vw - 3.2px) * 1.454), 36px);\">What are cookies?<\/h2>\n\n\n\n<p>Cookies are small text files used to store minor information. They are stored on your device when the Website loads in your browser. These cookies help us ensure the proper functioning of the Website, enhance security, improve the user experience, and understand how the Website performs, analyzing what works well and what needs improvement.<\/p>\n\n\n\n<h2 class=\"wp-block-heading\" style=\"font-size:clamp(22.041px, 1.378rem + ((1vw - 3.2px) * 1.454), 36px);\">How do we use cookies?<\/h2>\n\n\n\n<p>Like most web services, our Website uses both first-party cookies and third-party cookies for various purposes. First-party cookies are primarily essential for the proper functioning of the Website and do not collect any personal data that could identify you.<\/p>\n\n\n\n<p>Third-party cookies we use on our Website are mainly intended to understand how the Website operates, analyze your interactions with our Website, ensure the security of our services, display relevant ads to you, and improve your user experience. They also help streamline your future interactions with our Website.<\/p>\n\n\n\n<h2 class=\"wp-block-heading\" style=\"font-size:clamp(22.041px, 1.378rem + ((1vw - 3.2px) * 1.454), 36px);\">Types of cookies we use<\/h2>\n\n\n\n<p><div class=\"cky-audit-table-element\"><\/div><\/p>\n\n\n\n<h2 class=\"wp-block-heading\" style=\"font-size:clamp(22.041px, 1.378rem + ((1vw - 3.2px) * 1.454), 36px);\">Cookie Settings Management<\/h2>\n\n\n\n<p><a class=\"cky-banner-element\">Cookie Settings<\/a><\/p>\n\n\n\n<p>You can change your cookie settings at any time by clicking the button above. This will reopen the cookie consent banner, allowing you to modify your preferences or withdraw your consent immediately.<\/p>\n\n\n\n<p>Additionally, different browsers offer various methods to block and delete cookies used by websites. You can change your browser settings to block or delete cookies. Below are links to the support documentation for managing and deleting cookies in the most commonly used browsers:<\/p>\n\n\n\n<p>Chrome: <a href=\"https:\/\/support.google.com\/accounts\/answer\/32050\">https:\/\/support.google.com\/accounts\/answer\/32050<\/a><\/p>\n\n\n\n<p>Safari: <a href=\"https:\/\/support.apple.com\/en-in\/guide\/safari\/sfri11471\/mac\">https:\/\/support.apple.com\/en-in\/guide\/safari\/sfri11471\/mac<\/a><\/p>\n\n\n\n<p>Firefox: <a href=\"https:\/\/support.mozilla.org\/en-US\/kb\/clear-cookies-and-site-data-firefox?redirectslug=delete-cookies-remove-info-websites-stored&amp;redirectlocale=en-US\">https:\/\/support.mozilla.org\/en-US\/kb\/clear-cookies-and-site-data-firefox?redirectslug=delete-cookies-remove-info-websites-stored&amp;redirectlocale=en-US<\/a><\/p>\n\n\n\n<p>Internet Explorer: <a href=\"https:\/\/support.microsoft.com\/en-us\/topic\/how-to-delete-cookie-files-in-internet-explorer-bca9446f-d873-78de-77ba-d42645fa52fc\">https:\/\/support.microsoft.com\/en-us\/topic\/how-to-delete-cookie-files-in-internet-explorer-bca9446f-d873-78de-77ba-d42645fa52fc<\/a><\/p>\n\n\n\n<p>If you are using any other browser, please visit the official support documentation for your browser.<\/p>","protected":false},"excerpt":{"rendered":"<p>Politika pi\u0161kotkov Veljavno od: 26. 11. 2024 V podjetju POINT OUT d.o.o. se zavedamo pomembnosti transparentnosti pri uporabi pi\u0161kotkov in drugih tehnologij za sledenje na spletni strani pointout.si (v nadaljevanju: spletna stran). Ta politika pi\u0161kotkov pojasnjuje, katere vrste pi\u0161kotkov uporabljamo, zakaj jih uporabljamo, kako jih shranjujemo ter kako lahko upravljate svoje nastavitve pi\u0161kotkov v skladu [&hellip;]<\/p>\n","protected":false},"author":2,"featured_media":0,"parent":0,"menu_order":0,"comment_status":"closed","ping_status":"closed","template":"","meta":{"footnotes":""},"class_list":["post-96","page","type-page","status-publish","hentry"],"yoast_head":"<!-- This site is optimized with the Yoast SEO plugin v27.5 - https:\/\/yoast.com\/product\/yoast-seo-wordpress\/ -->\n<title>Politika pi\u0161kotkov - POINT OUT<\/title>\n<meta name=\"robots\" content=\"index, follow, max-snippet:-1, max-image-preview:large, max-video-preview:-1\" \/>\n<link rel=\"canonical\" href=\"https:\/\/pointout.si\/en\/piskotki\/\" \/>\n<meta property=\"og:locale\" content=\"en_US\" \/>\n<meta property=\"og:type\" content=\"article\" \/>\n<meta property=\"og:title\" content=\"Politika pi\u0161kotkov - POINT OUT\" \/>\n<meta property=\"og:description\" content=\"Politika pi\u0161kotkov Veljavno od: 26. 11. 2024 V podjetju POINT OUT d.o.o. se zavedamo pomembnosti transparentnosti pri uporabi pi\u0161kotkov in drugih tehnologij za sledenje na spletni strani pointout.si (v nadaljevanju: spletna stran). Ta politika pi\u0161kotkov pojasnjuje, katere vrste pi\u0161kotkov uporabljamo, zakaj jih uporabljamo, kako jih shranjujemo ter kako lahko upravljate svoje nastavitve pi\u0161kotkov v skladu [&hellip;]\" \/>\n<meta property=\"og:url\" content=\"https:\/\/pointout.si\/en\/piskotki\/\" \/>\n<meta property=\"og:site_name\" content=\"POINT OUT\" \/>\n<meta property=\"article:publisher\" content=\"https:\/\/www.facebook.com\/POINTOUT.SI\" \/>\n<meta property=\"article:modified_time\" content=\"2024-11-27T09:21:37+00:00\" \/>\n<meta property=\"og:image\" content=\"https:\/\/pointout.si\/wp-content\/uploads\/2024\/11\/pointout.jpg\" \/>\n\t<meta property=\"og:image:width\" content=\"1200\" \/>\n\t<meta property=\"og:image:height\" content=\"675\" \/>\n\t<meta property=\"og:image:type\" content=\"image\/jpeg\" \/>\n<meta name=\"twitter:card\" content=\"summary_large_image\" \/>\n<meta name=\"twitter:label1\" content=\"Est. reading time\" \/>\n\t<meta name=\"twitter:data1\" content=\"2 minutes\" \/>\n<script type=\"application\/ld+json\" class=\"yoast-schema-graph\">{\"@context\":\"https:\\\/\\\/schema.org\",\"@graph\":[{\"@type\":\"WebPage\",\"@id\":\"https:\\\/\\\/pointout.si\\\/piskotki\\\/\",\"url\":\"https:\\\/\\\/pointout.si\\\/piskotki\\\/\",\"name\":\"Politika pi\u0161kotkov - POINT OUT\",\"isPartOf\":{\"@id\":\"https:\\\/\\\/pointout.si\\\/#website\"},\"datePublished\":\"2024-09-19T11:57:38+00:00\",\"dateModified\":\"2024-11-27T09:21:37+00:00\",\"breadcrumb\":{\"@id\":\"https:\\\/\\\/pointout.si\\\/piskotki\\\/#breadcrumb\"},\"inLanguage\":\"en-US\",\"potentialAction\":[{\"@type\":\"ReadAction\",\"target\":[\"https:\\\/\\\/pointout.si\\\/piskotki\\\/\"]}]},{\"@type\":\"BreadcrumbList\",\"@id\":\"https:\\\/\\\/pointout.si\\\/piskotki\\\/#breadcrumb\",\"itemListElement\":[{\"@type\":\"ListItem\",\"position\":1,\"name\":\"Home\",\"item\":\"https:\\\/\\\/pointout.si\\\/\"},{\"@type\":\"ListItem\",\"position\":2,\"name\":\"Politika pi\u0161kotkov\"}]},{\"@type\":\"WebSite\",\"@id\":\"https:\\\/\\\/pointout.si\\\/#website\",\"url\":\"https:\\\/\\\/pointout.si\\\/\",\"name\":\"POINT OUT\",\"description\":\"Marketin\u0161ka agencija\",\"publisher\":{\"@id\":\"https:\\\/\\\/pointout.si\\\/#organization\"},\"alternateName\":\"PO\",\"potentialAction\":[{\"@type\":\"SearchAction\",\"target\":{\"@type\":\"EntryPoint\",\"urlTemplate\":\"https:\\\/\\\/pointout.si\\\/?s={search_term_string}\"},\"query-input\":{\"@type\":\"PropertyValueSpecification\",\"valueRequired\":true,\"valueName\":\"search_term_string\"}}],\"inLanguage\":\"en-US\"},{\"@type\":\"Organization\",\"@id\":\"https:\\\/\\\/pointout.si\\\/#organization\",\"name\":\"POINT OUT\",\"alternateName\":\"PO\",\"url\":\"https:\\\/\\\/pointout.si\\\/\",\"logo\":{\"@type\":\"ImageObject\",\"inLanguage\":\"en-US\",\"@id\":\"https:\\\/\\\/pointout.si\\\/#\\\/schema\\\/logo\\\/image\\\/\",\"url\":\"https:\\\/\\\/pointout.si\\\/wp-content\\\/uploads\\\/2024\\\/11\\\/POINT-OUT.jpg\",\"contentUrl\":\"https:\\\/\\\/pointout.si\\\/wp-content\\\/uploads\\\/2024\\\/11\\\/POINT-OUT.jpg\",\"width\":1081,\"height\":1081,\"caption\":\"POINT OUT\"},\"image\":{\"@id\":\"https:\\\/\\\/pointout.si\\\/#\\\/schema\\\/logo\\\/image\\\/\"},\"sameAs\":[\"https:\\\/\\\/www.facebook.com\\\/POINTOUT.SI\",\"https:\\\/\\\/www.instagram.com\\\/pointout_si\\\/\",\"https:\\\/\\\/www.linkedin.com\\\/company\\\/pointout\",\"https:\\\/\\\/www.youtube.com\\\/POINTOUT_si\"]}]}<\/script>\n<!-- \/ Yoast SEO plugin. -->","yoast_head_json":{"title":"Politika pi\u0161kotkov - POINT OUT","robots":{"index":"index","follow":"follow","max-snippet":"max-snippet:-1","max-image-preview":"max-image-preview:large","max-video-preview":"max-video-preview:-1"},"canonical":"https:\/\/pointout.si\/en\/piskotki\/","og_locale":"en_US","og_type":"article","og_title":"Politika pi\u0161kotkov - POINT OUT","og_description":"Politika pi\u0161kotkov Veljavno od: 26. 11. 2024 V podjetju POINT OUT d.o.o. se zavedamo pomembnosti transparentnosti pri uporabi pi\u0161kotkov in drugih tehnologij za sledenje na spletni strani pointout.si (v nadaljevanju: spletna stran). Ta politika pi\u0161kotkov pojasnjuje, katere vrste pi\u0161kotkov uporabljamo, zakaj jih uporabljamo, kako jih shranjujemo ter kako lahko upravljate svoje nastavitve pi\u0161kotkov v skladu [&hellip;]","og_url":"https:\/\/pointout.si\/en\/piskotki\/","og_site_name":"POINT OUT","article_publisher":"https:\/\/www.facebook.com\/POINTOUT.SI","article_modified_time":"2024-11-27T09:21:37+00:00","og_image":[{"width":1200,"height":675,"url":"https:\/\/pointout.si\/wp-content\/uploads\/2024\/11\/pointout.jpg","type":"image\/jpeg"}],"twitter_card":"summary_large_image","twitter_misc":{"Est. reading time":"2 minutes"},"schema":{"@context":"https:\/\/schema.org","@graph":[{"@type":"WebPage","@id":"https:\/\/pointout.si\/piskotki\/","url":"https:\/\/pointout.si\/piskotki\/","name":"Politika pi\u0161kotkov - POINT OUT","isPartOf":{"@id":"https:\/\/pointout.si\/#website"},"datePublished":"2024-09-19T11:57:38+00:00","dateModified":"2024-11-27T09:21:37+00:00","breadcrumb":{"@id":"https:\/\/pointout.si\/piskotki\/#breadcrumb"},"inLanguage":"en-US","potentialAction":[{"@type":"ReadAction","target":["https:\/\/pointout.si\/piskotki\/"]}]},{"@type":"BreadcrumbList","@id":"https:\/\/pointout.si\/piskotki\/#breadcrumb","itemListElement":[{"@type":"ListItem","position":1,"name":"Home","item":"https:\/\/pointout.si\/"},{"@type":"ListItem","position":2,"name":"Politika pi\u0161kotkov"}]},{"@type":"WebSite","@id":"https:\/\/pointout.si\/#website","url":"https:\/\/pointout.si\/","name":"POINT OUT","description":"Marketing Agency","publisher":{"@id":"https:\/\/pointout.si\/#organization"},"alternateName":"PO","potentialAction":[{"@type":"SearchAction","target":{"@type":"EntryPoint","urlTemplate":"https:\/\/pointout.si\/?s={search_term_string}"},"query-input":{"@type":"PropertyValueSpecification","valueRequired":true,"valueName":"search_term_string"}}],"inLanguage":"en-US"},{"@type":"Organization","@id":"https:\/\/pointout.si\/#organization","name":"POINT OUT","alternateName":"PO","url":"https:\/\/pointout.si\/","logo":{"@type":"ImageObject","inLanguage":"en-US","@id":"https:\/\/pointout.si\/#\/schema\/logo\/image\/","url":"https:\/\/pointout.si\/wp-content\/uploads\/2024\/11\/POINT-OUT.jpg","contentUrl":"https:\/\/pointout.si\/wp-content\/uploads\/2024\/11\/POINT-OUT.jpg","width":1081,"height":1081,"caption":"POINT OUT"},"image":{"@id":"https:\/\/pointout.si\/#\/schema\/logo\/image\/"},"sameAs":["https:\/\/www.facebook.com\/POINTOUT.SI","https:\/\/www.instagram.com\/pointout_si\/","https:\/\/www.linkedin.com\/company\/pointout","https:\/\/www.youtube.com\/POINTOUT_si"]}]}},"_links":{"self":[{"href":"https:\/\/pointout.si\/en\/wp-json\/wp\/v2\/pages\/96","targetHints":{"allow":["GET"]}}],"collection":[{"href":"https:\/\/pointout.si\/en\/wp-json\/wp\/v2\/pages"}],"about":[{"href":"https:\/\/pointout.si\/en\/wp-json\/wp\/v2\/types\/page"}],"author":[{"embeddable":true,"href":"https:\/\/pointout.si\/en\/wp-json\/wp\/v2\/users\/2"}],"replies":[{"embeddable":true,"href":"https:\/\/pointout.si\/en\/wp-json\/wp\/v2\/comments?post=96"}],"version-history":[{"count":8,"href":"https:\/\/pointout.si\/en\/wp-json\/wp\/v2\/pages\/96\/revisions"}],"predecessor-version":[{"id":365,"href":"https:\/\/pointout.si\/en\/wp-json\/wp\/v2\/pages\/96\/revisions\/365"}],"wp:attachment":[{"href":"https:\/\/pointout.si\/en\/wp-json\/wp\/v2\/media?parent=96"}],"curies":[{"name":"wp","href":"https:\/\/api.w.org\/{rel}","templated":true}]}}