{"id":169,"date":"2024-10-02T09:00:14","date_gmt":"2024-10-02T09:00:14","guid":{"rendered":"https:\/\/pointout.si\/?page_id=169"},"modified":"2024-12-05T00:43:37","modified_gmt":"2024-12-04T23:43:37","slug":"homepage","status":"publish","type":"page","link":"https:\/\/pointout.si\/en\/","title":{"rendered":"Homepage"},"content":{"rendered":"","protected":false},"excerpt":{"rendered":"","protected":false},"author":2,"featured_media":0,"parent":0,"menu_order":0,"comment_status":"closed","ping_status":"closed","template":"","meta":{"footnotes":""},"class_list":["post-169","page","type-page","status-publish","hentry"],"yoast_head":"<!-- This site is optimized with the Yoast SEO plugin v27.5 - https:\/\/yoast.com\/product\/yoast-seo-wordpress\/ -->\n<title>POINT OUT \u2014 Marketin\u0161ka agencija, ki vam bo pomagala (z)rasti<\/title>\n<meta name=\"description\" content=\"Razmi\u0161ljamo \u0161ir\u0161e od zgolj ene kampanje. Na\u0161 cilj je, da podpremo rast va\u0161ega posla na kratki in dolgi rok.\" \/>\n<meta name=\"robots\" content=\"index, follow, max-snippet:-1, max-image-preview:large, max-video-preview:-1\" \/>\n<link rel=\"canonical\" href=\"https:\/\/pointout.si\/en\/\" \/>\n<meta property=\"og:locale\" content=\"en_US\" \/>\n<meta property=\"og:type\" content=\"article\" \/>\n<meta property=\"og:title\" content=\"POINT OUT \u2014 Marketin\u0161ka agencija, ki vam bo pomagala (z)rasti\" \/>\n<meta property=\"og:description\" content=\"Razmi\u0161ljamo \u0161ir\u0161e od zgolj ene kampanje. Na\u0161 cilj je, da podpremo rast va\u0161ega posla na kratki in dolgi rok.\" \/>\n<meta property=\"og:url\" content=\"https:\/\/pointout.si\/en\/\" \/>\n<meta property=\"og:site_name\" content=\"POINT OUT\" \/>\n<meta property=\"article:publisher\" content=\"https:\/\/www.facebook.com\/POINTOUT.SI\" \/>\n<meta property=\"article:modified_time\" content=\"2024-12-04T23:43:37+00:00\" \/>\n<meta property=\"og:image\" content=\"https:\/\/pointout.si\/wp-content\/uploads\/2024\/11\/pointout.jpg\" \/>\n\t<meta property=\"og:image:width\" content=\"1200\" \/>\n\t<meta property=\"og:image:height\" content=\"675\" \/>\n\t<meta property=\"og:image:type\" content=\"image\/jpeg\" \/>\n<meta name=\"twitter:card\" content=\"summary_large_image\" \/>\n<meta name=\"twitter:label1\" content=\"Est. reading time\" \/>\n\t<meta name=\"twitter:data1\" content=\"11 minutes\" \/>\n<script type=\"application\/ld+json\" class=\"yoast-schema-graph\">{\"@context\":\"https:\\\/\\\/schema.org\",\"@graph\":[{\"@type\":\"WebPage\",\"@id\":\"https:\\\/\\\/pointout.si\\\/\",\"url\":\"https:\\\/\\\/pointout.si\\\/\",\"name\":\"POINT OUT \u2014 Marketin\u0161ka agencija, ki vam bo pomagala (z)rasti\",\"isPartOf\":{\"@id\":\"https:\\\/\\\/pointout.si\\\/#website\"},\"datePublished\":\"2024-10-02T09:00:14+00:00\",\"dateModified\":\"2024-12-04T23:43:37+00:00\",\"description\":\"Razmi\u0161ljamo \u0161ir\u0161e od zgolj ene kampanje. Na\u0161 cilj je, da podpremo rast va\u0161ega posla na kratki in dolgi rok.\",\"breadcrumb\":{\"@id\":\"https:\\\/\\\/pointout.si\\\/#breadcrumb\"},\"inLanguage\":\"en-US\",\"potentialAction\":[{\"@type\":\"ReadAction\",\"target\":[\"https:\\\/\\\/pointout.si\\\/\"]}]},{\"@type\":\"BreadcrumbList\",\"@id\":\"https:\\\/\\\/pointout.si\\\/#breadcrumb\",\"itemListElement\":[{\"@type\":\"ListItem\",\"position\":1,\"name\":\"Home\",\"item\":\"https:\\\/\\\/pointout.si\\\/\"},{\"@type\":\"ListItem\",\"position\":2,\"name\":\"Homepage\"}]},{\"@type\":\"WebSite\",\"@id\":\"https:\\\/\\\/pointout.si\\\/#website\",\"url\":\"https:\\\/\\\/pointout.si\\\/\",\"name\":\"POINT OUT\",\"description\":\"Marketin\u0161ka agencija\",\"publisher\":{\"@id\":\"https:\\\/\\\/pointout.si\\\/#organization\"},\"alternateName\":\"PO\",\"potentialAction\":[{\"@type\":\"SearchAction\",\"target\":{\"@type\":\"EntryPoint\",\"urlTemplate\":\"https:\\\/\\\/pointout.si\\\/?s={search_term_string}\"},\"query-input\":{\"@type\":\"PropertyValueSpecification\",\"valueRequired\":true,\"valueName\":\"search_term_string\"}}],\"inLanguage\":\"en-US\"},{\"@type\":\"Organization\",\"@id\":\"https:\\\/\\\/pointout.si\\\/#organization\",\"name\":\"POINT OUT\",\"alternateName\":\"PO\",\"url\":\"https:\\\/\\\/pointout.si\\\/\",\"logo\":{\"@type\":\"ImageObject\",\"inLanguage\":\"en-US\",\"@id\":\"https:\\\/\\\/pointout.si\\\/#\\\/schema\\\/logo\\\/image\\\/\",\"url\":\"https:\\\/\\\/pointout.si\\\/wp-content\\\/uploads\\\/2024\\\/11\\\/POINT-OUT.jpg\",\"contentUrl\":\"https:\\\/\\\/pointout.si\\\/wp-content\\\/uploads\\\/2024\\\/11\\\/POINT-OUT.jpg\",\"width\":1081,\"height\":1081,\"caption\":\"POINT OUT\"},\"image\":{\"@id\":\"https:\\\/\\\/pointout.si\\\/#\\\/schema\\\/logo\\\/image\\\/\"},\"sameAs\":[\"https:\\\/\\\/www.facebook.com\\\/POINTOUT.SI\",\"https:\\\/\\\/www.instagram.com\\\/pointout_si\\\/\",\"https:\\\/\\\/www.linkedin.com\\\/company\\\/pointout\",\"https:\\\/\\\/www.youtube.com\\\/POINTOUT_si\"]}]}<\/script>\n<!-- \/ Yoast SEO plugin. -->","yoast_head_json":{"title":"POINT OUT \u2014 Marketin\u0161ka agencija, ki vam bo pomagala (z)rasti","description":"Razmi\u0161ljamo \u0161ir\u0161e od zgolj ene kampanje. Na\u0161 cilj je, da podpremo rast va\u0161ega posla na kratki in dolgi rok.","robots":{"index":"index","follow":"follow","max-snippet":"max-snippet:-1","max-image-preview":"max-image-preview:large","max-video-preview":"max-video-preview:-1"},"canonical":"https:\/\/pointout.si\/en\/","og_locale":"en_US","og_type":"article","og_title":"POINT OUT \u2014 Marketin\u0161ka agencija, ki vam bo pomagala (z)rasti","og_description":"Razmi\u0161ljamo \u0161ir\u0161e od zgolj ene kampanje. Na\u0161 cilj je, da podpremo rast va\u0161ega posla na kratki in dolgi rok.","og_url":"https:\/\/pointout.si\/en\/","og_site_name":"POINT OUT","article_publisher":"https:\/\/www.facebook.com\/POINTOUT.SI","article_modified_time":"2024-12-04T23:43:37+00:00","og_image":[{"width":1200,"height":675,"url":"https:\/\/pointout.si\/wp-content\/uploads\/2024\/11\/pointout.jpg","type":"image\/jpeg"}],"twitter_card":"summary_large_image","twitter_misc":{"Est. reading time":"11 minutes"},"schema":{"@context":"https:\/\/schema.org","@graph":[{"@type":"WebPage","@id":"https:\/\/pointout.si\/","url":"https:\/\/pointout.si\/","name":"POINT OUT \u2014 Marketin\u0161ka agencija, ki vam bo pomagala (z)rasti","isPartOf":{"@id":"https:\/\/pointout.si\/#website"},"datePublished":"2024-10-02T09:00:14+00:00","dateModified":"2024-12-04T23:43:37+00:00","description":"Razmi\u0161ljamo \u0161ir\u0161e od zgolj ene kampanje. Na\u0161 cilj je, da podpremo rast va\u0161ega posla na kratki in dolgi rok.","breadcrumb":{"@id":"https:\/\/pointout.si\/#breadcrumb"},"inLanguage":"en-US","potentialAction":[{"@type":"ReadAction","target":["https:\/\/pointout.si\/"]}]},{"@type":"BreadcrumbList","@id":"https:\/\/pointout.si\/#breadcrumb","itemListElement":[{"@type":"ListItem","position":1,"name":"Home","item":"https:\/\/pointout.si\/"},{"@type":"ListItem","position":2,"name":"Homepage"}]},{"@type":"WebSite","@id":"https:\/\/pointout.si\/#website","url":"https:\/\/pointout.si\/","name":"POINT OUT","description":"Marketing Agency","publisher":{"@id":"https:\/\/pointout.si\/#organization"},"alternateName":"PO","potentialAction":[{"@type":"SearchAction","target":{"@type":"EntryPoint","urlTemplate":"https:\/\/pointout.si\/?s={search_term_string}"},"query-input":{"@type":"PropertyValueSpecification","valueRequired":true,"valueName":"search_term_string"}}],"inLanguage":"en-US"},{"@type":"Organization","@id":"https:\/\/pointout.si\/#organization","name":"POINT OUT","alternateName":"PO","url":"https:\/\/pointout.si\/","logo":{"@type":"ImageObject","inLanguage":"en-US","@id":"https:\/\/pointout.si\/#\/schema\/logo\/image\/","url":"https:\/\/pointout.si\/wp-content\/uploads\/2024\/11\/POINT-OUT.jpg","contentUrl":"https:\/\/pointout.si\/wp-content\/uploads\/2024\/11\/POINT-OUT.jpg","width":1081,"height":1081,"caption":"POINT OUT"},"image":{"@id":"https:\/\/pointout.si\/#\/schema\/logo\/image\/"},"sameAs":["https:\/\/www.facebook.com\/POINTOUT.SI","https:\/\/www.instagram.com\/pointout_si\/","https:\/\/www.linkedin.com\/company\/pointout","https:\/\/www.youtube.com\/POINTOUT_si"]}]}},"_links":{"self":[{"href":"https:\/\/pointout.si\/en\/wp-json\/wp\/v2\/pages\/169","targetHints":{"allow":["GET"]}}],"collection":[{"href":"https:\/\/pointout.si\/en\/wp-json\/wp\/v2\/pages"}],"about":[{"href":"https:\/\/pointout.si\/en\/wp-json\/wp\/v2\/types\/page"}],"author":[{"embeddable":true,"href":"https:\/\/pointout.si\/en\/wp-json\/wp\/v2\/users\/2"}],"replies":[{"embeddable":true,"href":"https:\/\/pointout.si\/en\/wp-json\/wp\/v2\/comments?post=169"}],"version-history":[{"count":2,"href":"https:\/\/pointout.si\/en\/wp-json\/wp\/v2\/pages\/169\/revisions"}],"predecessor-version":[{"id":319,"href":"https:\/\/pointout.si\/en\/wp-json\/wp\/v2\/pages\/169\/revisions\/319"}],"wp:attachment":[{"href":"https:\/\/pointout.si\/en\/wp-json\/wp\/v2\/media?parent=169"}],"curies":[{"name":"wp","href":"https:\/\/api.w.org\/{rel}","templated":true}]}}